{"id":67,"date":"2020-10-25T19:28:53","date_gmt":"2020-10-25T18:28:53","guid":{"rendered":"http:\/\/www.sev-et-zen.fr\/accueil\/?page_id=67"},"modified":"2022-01-11T11:42:34","modified_gmt":"2022-01-11T10:42:34","slug":"tarifs","status":"publish","type":"page","link":"https:\/\/www.sev-et-zen.fr\/accueil\/index.php\/tarifs\/","title":{"rendered":"Tarifs"},"content":{"rendered":"\n<h2>D\u00e9tente<\/h2>\n\n\n\n<div class=\"wp-block-columns\">\n<div class=\"wp-block-column\" style=\"flex-basis:100%\">\n<figure class=\"wp-block-table\"><table><tbody><tr><td><strong><em>Sur mesure<\/em><\/strong><\/td><td>1 heure \/ <em>70 \u20ac<\/em><\/td><td>Selon <strong>vos envies<\/strong><\/td><\/tr><tr><td><strong><em>\u00c9volutif<\/em><\/strong><\/td><td> 1 heure \/ <em>70 \u20ac <\/em><\/td><td><strong>Je g\u00e8re <\/strong>en fonction des tensions<\/td><\/tr><tr><td><strong><em>Dos<\/em><\/strong><\/td><td>30 mn \/ <em>40 \u20ac<\/em><\/td><td><\/td><\/tr><tr><td><strong><em>Relaxant<\/em><\/strong><br>D\u00e9tente profonde<\/td><td>1h30 \/ <em>95 \u20ac<\/em><\/td><td><\/td><\/tr><tr><td><strong><em>Massage Assis Amma<\/em><\/strong><br>Sur chaise ergonomique et sur v\u00eatements<\/td><td>20 mn \/ <em>35 \u20ac<\/em><\/td><td>Issu du Shiatsu, il permet une <strong>profonde d\u00e9tente<\/strong> et un <strong>r\u00e9veil \u00e9nergique<\/strong>. Id\u00e9al pendant la pause de midi.<\/td><\/tr><\/tbody><\/table><\/figure>\n\n\n\n<p><\/p>\n<\/div>\n<\/div>\n\n\n\n<h2>Massages Asiatiques<\/h2>\n\n\n\n<figure class=\"wp-block-table\"><table><tbody><tr><td><strong><em>Massage \u00e9nerg\u00e9tique Chinois <\/em><\/strong><br>Chrong Ma\u00ef<\/td><td>1 heure \/ <em>80 \u20ac<\/em><br><sup>Cure \u00e9nerg\u00e9tique de 3 semaines, 1 massage par semaine soit 210 \u20ac<\/sup><\/td><td>Pour les personnes <strong>en manque de dynamisme<\/strong> ou <strong>d\u00e9prim\u00e9es<\/strong>.<br><\/td><\/tr><tr><\/tr><tr><td><strong><em>Qi Nei Tsang Chinois<\/em><\/strong><br>Ventre uniquement<\/td><td>1 heure \/<em> 85 \u20ac<\/em><br><sub>Cure \u00e9nerg\u00e9tique de 5 massages, 1 massage par semaine soit 410 \u20ac<\/sub><\/td><td>Il apporte un bien-\u00eatre <strong>physique, \u00e9motionnel et mental<\/strong>.<\/td><\/tr><tr><td><strong><em>Nuad <\/em><\/strong><em><strong>Tao Chinois<\/strong><\/em><br>R\u00e9flexologie plantaire Tha\u00ef<\/td><td>1 heure \/<em> 80 \u20ac<\/em><\/td><td>La r\u00e9flexologie Tha\u00ef apporte une<strong> relaxation intense<\/strong> et d\u00e9barrasse le corps des tensions inutiles.<br>Cure r\u00e9flexologie conseill\u00e9e selon les besoins<\/td><\/tr><tr><td><strong><em>Kobido<\/em><\/strong><br>Lifting Japonnais<\/td><td>50 mn \/<em> 85 \u20ac<\/em><br><sup>Cure du visage sur 5 semaines, 1 massage par semaine soit 390 \u20ac<\/sup><\/td><td>Uniquement <strong>sur le visage<\/strong>. Outre les effets <strong>anti-\u00e2ge<\/strong> le Kobido procure une profonde d\u00e9tente.<br><\/td><\/tr><tr><\/tr><\/tbody><\/table><\/figure>\n\n\n\n<h2>Massages \u00ab sur la route des Indes \u00bb <\/h2>\n\n\n\n<figure class=\"wp-block-table\"><table><tbody><tr><td><strong><em>Massage Ayurv\u00e9dique<\/em><\/strong><br>Abhyanga<\/td><td>1 h 30 \/ <em>95 \u20ac<\/em><br><sup>Cure Ayurv\u00e9dique sur 3 massages soit 1 massage par semaine soit 250 \u20ac<\/sup><\/td><td>Parmi les bienfaits de ce<br>massage il <strong>tonifie<\/strong> et <strong>relaxe <\/strong>les tissus musculaires.<\/td><\/tr><tr><td><strong><em>Cuir chevelu <\/em><\/strong><br><strong><em>et bras-\u00e9paules<\/em><\/strong><\/td><td>40 mn \/ <em>45 \u20ac<\/em><br><\/td><td>Parfait pour les personnes qui ressentent des tensions dans les bras, travail difficile, sports.<\/td><\/tr><tr><td><strong><em>Pieds et Dos-nuque<\/em><\/strong><\/td><td>30mn \/ 30 \u20ac ou 1 heure <em>60 \u20ac<\/em><\/td><td>Il permet de se relaxer et d\u00e9nouer les tensions.<\/td><\/tr><tr><td><strong><em>Pieds au bol Kansu<\/em><\/strong><\/td><td>Dur\u00e9e 30 mn \/ <em>45 \u20ac<\/em><\/td><td>Id\u00e9al pour les personnes ayant peu de temps \u00e0 consacrer aux massages, mais souhaitant se d\u00e9tendre.<\/td><\/tr><tr><td><strong><em>Dos \u00e0 la bougie<\/em><\/strong><\/td><td>Dur\u00e9e 30 mn \/ <em>45 \u20ac<\/em><\/td><td>Un pur moment de douceur<\/td><\/tr><tr><td> <strong><em>Su\u00e9dois<\/em><\/strong><\/td><td>Dur\u00e9e 1heure \/ <em>70 \u20ac<\/em><\/td><td>Parfait pour la circulation sanguine et les sportifs. Il dissout les tensions, raffermit les muscles et les articulations.<\/td><\/tr><\/tbody><\/table><\/figure>\n\n\n\n<h2>Massages Coccooning<\/h2>\n\n\n\n<figure class=\"wp-block-table\"><table><tbody><tr><td><strong><em>Femme enceinte<\/em><\/strong><br>\u00e0 partir du 4<sup>e<\/sup> mois de grossesse<\/td><td>1 heure avec huile <em>70 \u20ac<\/em><br>Ou 30 mn sur v\u00eatements <em>35 \u20ac<\/em><\/td><td>Un parfait bien-\u00eatre que l&#8217;on recherche \u00e0 tout stade de la grossesse.<br><\/td><\/tr><tr><\/tr><tr><td><strong><em>Massage b\u00e9b\u00e9<\/em><\/strong><\/td><td>20 mn \/<em> 40 \u20ac<\/em><br><\/td><td>Les parents massent leur b\u00e9b\u00e9 en suivant un protocole<\/td><\/tr><tr><td><strong><em>Relaxant enfant \/ adolescent<\/em><\/strong><br><\/td><td>20 \u00e0 40 mn \/<em> 40 \u20ac<\/em> <br>1 heure <em>65 \u20ac<\/em><br><em><strong>Toujours<\/strong><\/em> en pr\u00e9sence d&#8217;un des deux parents.<br><\/td><td>Massage avec un temps de relaxation selon l&#8217;\u00e2ge de l&#8217;enfant. Les massages pour enfants sont b\u00e9n\u00e9fiques pour toutes les fonctions de l&#8217;organisme. Recommand\u00e9s aux temp\u00e9raments vigoureux.<br><\/td><\/tr><tr><\/tr><\/tbody><\/table><\/figure>\n\n\n\n<p><\/p>\n","protected":false},"excerpt":{"rendered":"<p>D\u00e9tente Sur mesure 1 heure \/ 70 \u20ac Selon vos envies \u00c9volutif 1 heure \/ 70 \u20ac Je g\u00e8re en fonction des tensions Dos 30 mn \/ 40 \u20ac RelaxantD\u00e9tente profonde 1h30 \/ 95 \u20ac Massage Assis AmmaSur chaise ergonomique et sur v\u00eatements 20 mn \/ 35 \u20ac Issu du Shiatsu, il permet une profonde [&hellip;]<\/p>\n","protected":false},"author":1,"featured_media":0,"parent":0,"menu_order":0,"comment_status":"closed","ping_status":"closed","template":"","meta":[],"_links":{"self":[{"href":"https:\/\/www.sev-et-zen.fr\/accueil\/index.php\/wp-json\/wp\/v2\/pages\/67"}],"collection":[{"href":"https:\/\/www.sev-et-zen.fr\/accueil\/index.php\/wp-json\/wp\/v2\/pages"}],"about":[{"href":"https:\/\/www.sev-et-zen.fr\/accueil\/index.php\/wp-json\/wp\/v2\/types\/page"}],"author":[{"embeddable":true,"href":"https:\/\/www.sev-et-zen.fr\/accueil\/index.php\/wp-json\/wp\/v2\/users\/1"}],"replies":[{"embeddable":true,"href":"https:\/\/www.sev-et-zen.fr\/accueil\/index.php\/wp-json\/wp\/v2\/comments?post=67"}],"version-history":[{"count":39,"href":"https:\/\/www.sev-et-zen.fr\/accueil\/index.php\/wp-json\/wp\/v2\/pages\/67\/revisions"}],"predecessor-version":[{"id":396,"href":"https:\/\/www.sev-et-zen.fr\/accueil\/index.php\/wp-json\/wp\/v2\/pages\/67\/revisions\/396"}],"wp:attachment":[{"href":"https:\/\/www.sev-et-zen.fr\/accueil\/index.php\/wp-json\/wp\/v2\/media?parent=67"}],"curies":[{"name":"wp","href":"https:\/\/api.w.org\/{rel}","templated":true}]}}